{"id":46,"date":"2024-03-20T16:38:29","date_gmt":"2024-03-20T19:38:29","guid":{"rendered":"https:\/\/institutodomp.wpenginepowered.com\/?page_id=46"},"modified":"2025-09-29T11:21:56","modified_gmt":"2025-09-29T14:21:56","slug":"transparencia","status":"publish","type":"page","link":"https:\/\/institutodomphillips.org.br\/en\/transparencia\/","title":{"rendered":"Transparency"},"content":{"rendered":"\t\t<div data-elementor-type=\"wp-page\" data-elementor-id=\"46\" class=\"elementor elementor-46\" data-elementor-post-type=\"page\">\n\t\t\t\t<div class=\"elementor-element elementor-element-df6c2c3 e-con-full e-flex e-con e-parent\" data-id=\"df6c2c3\" data-element_type=\"container\" data-e-type=\"container\">\n\t\t\t\t<div class=\"elementor-element elementor-element-f709181 elementor-widget__width-initial elementor-hidden-mobile elementor-invisible elementor-widget elementor-widget-heading\" data-id=\"f709181\" data-element_type=\"widget\" data-e-type=\"widget\" data-settings=\"{&quot;_animation&quot;:&quot;fadeInUp&quot;,&quot;_animation_delay&quot;:400}\" data-widget_type=\"heading.default\">\n\t\t\t\t<div class=\"elementor-widget-container\">\n\t\t\t\t\t<h2 class=\"elementor-heading-title elementor-size-default\">Transpar\u00eancia<\/h2>\t\t\t\t<\/div>\n\t\t\t\t<\/div>\n\t\t\t\t<div class=\"elementor-element elementor-element-2757e57 elementor-widget__width-initial elementor-hidden-desktop elementor-hidden-laptop elementor-hidden-tablet elementor-invisible elementor-widget elementor-widget-heading\" data-id=\"2757e57\" data-element_type=\"widget\" data-e-type=\"widget\" data-settings=\"{&quot;_animation&quot;:&quot;fadeInUp&quot;,&quot;_animation_delay&quot;:400}\" data-widget_type=\"heading.default\">\n\t\t\t\t<div class=\"elementor-widget-container\">\n\t\t\t\t\t<h2 class=\"elementor-heading-title elementor-size-default\">Transpar\u00eancia<\/h2>\t\t\t\t<\/div>\n\t\t\t\t<\/div>\n\t\t\t\t<\/div>\n\t\t<div class=\"elementor-element elementor-element-68e32fe e-flex e-con-boxed e-con e-parent\" data-id=\"68e32fe\" data-element_type=\"container\" data-e-type=\"container\">\n\t\t\t\t\t<div class=\"e-con-inner\">\n\t\t\t\t<div class=\"elementor-element elementor-element-75229d3 elementor-grid-1 elementor-grid-tablet-1 elementor-grid-mobile-1 elementor-widget elementor-widget-loop-grid\" data-id=\"75229d3\" data-element_type=\"widget\" data-e-type=\"widget\" data-settings=\"{&quot;template_id&quot;:&quot;237&quot;,&quot;pagination_type&quot;:&quot;numbers&quot;,&quot;pagination_load_type&quot;:&quot;ajax&quot;,&quot;columns&quot;:1,&quot;row_gap&quot;:{&quot;unit&quot;:&quot;px&quot;,&quot;size&quot;:0,&quot;sizes&quot;:[]},&quot;columns_tablet&quot;:1,&quot;_skin&quot;:&quot;post&quot;,&quot;columns_mobile&quot;:&quot;1&quot;,&quot;edit_handle_selector&quot;:&quot;[data-elementor-type=\\&quot;loop-item\\&quot;]&quot;,&quot;row_gap_laptop&quot;:{&quot;unit&quot;:&quot;px&quot;,&quot;size&quot;:&quot;&quot;,&quot;sizes&quot;:[]},&quot;row_gap_tablet&quot;:{&quot;unit&quot;:&quot;px&quot;,&quot;size&quot;:&quot;&quot;,&quot;sizes&quot;:[]},&quot;row_gap_mobile&quot;:{&quot;unit&quot;:&quot;px&quot;,&quot;size&quot;:&quot;&quot;,&quot;sizes&quot;:[]}}\" data-widget_type=\"loop-grid.post\">\n\t\t\t\t<div class=\"elementor-widget-container\">\n\t\t\t\t\t\t\t<div class=\"elementor-loop-container elementor-grid\" role=\"list\">\n\t\t<style id=\"loop-237\">.elementor-237 .elementor-element.elementor-element-df953bf{--display:flex;--flex-direction:row;--container-widget-width:calc( ( 1 - var( --container-widget-flex-grow ) ) * 100% );--container-widget-height:100%;--container-widget-flex-grow:1;--container-widget-align-self:stretch;--flex-wrap-mobile:wrap;--justify-content:space-between;--align-items:center;border-style:solid;--border-style:solid;border-width:0px 0px 2px 0px;--border-top-width:0px;--border-right-width:0px;--border-bottom-width:2px;--border-left-width:0px;border-color:#D3D3D3;--border-color:#D3D3D3;--padding-top:13px;--padding-bottom:10px;--padding-left:5px;--padding-right:5px;}.elementor-237 .elementor-element.elementor-element-8bd10a2{--display:flex;--flex-direction:row;--container-widget-width:calc( ( 1 - var( --container-widget-flex-grow ) ) * 100% );--container-widget-height:100%;--container-widget-flex-grow:1;--container-widget-align-self:stretch;--flex-wrap-mobile:wrap;--justify-content:flex-start;--align-items:center;--gap:10px 10px;--row-gap:10px;--column-gap:10px;--padding-top:0px;--padding-bottom:0px;--padding-left:0px;--padding-right:0px;}.elementor-widget-heading .elementor-heading-title{font-family:var( --e-global-typography-primary-font-family ), Sans-serif;font-weight:var( --e-global-typography-primary-font-weight );color:var( --e-global-color-primary );}.elementor-237 .elementor-element.elementor-element-ea173aa .elementor-heading-title{font-family:\"NeuePower\", Sans-serif;font-size:1.4em;font-weight:900;color:#32333373;}.elementor-widget-theme-post-title .elementor-heading-title{font-family:var( --e-global-typography-primary-font-family ), Sans-serif;font-weight:var( --e-global-typography-primary-font-weight );color:var( --e-global-color-primary );}.elementor-237 .elementor-element.elementor-element-cbda0c7 .elementor-heading-title{font-family:\"NeuePower\", Sans-serif;font-size:1.4em;font-weight:900;color:var( --e-global-color-text );}.elementor-widget-button .elementor-button{font-family:var( --e-global-typography-accent-font-family ), Sans-serif;font-size:var( --e-global-typography-accent-font-size );font-weight:var( --e-global-typography-accent-font-weight );background-color:var( --e-global-color-accent );}.elementor-237 .elementor-element.elementor-element-9c96880 .elementor-button-content-wrapper{flex-direction:row;}.elementor-237 .elementor-element.elementor-element-9c96880 .elementor-button .elementor-button-content-wrapper{gap:5px;}.elementor-237 .elementor-element.elementor-element-9c96880 .elementor-button{font-family:var( --e-global-typography-accent-font-family ), Sans-serif;font-size:var( --e-global-typography-accent-font-size );font-weight:var( --e-global-typography-accent-font-weight );fill:var( --e-global-color-accent );color:var( --e-global-color-accent );background-color:var( --e-global-color-0688916 );border-style:solid;border-width:0px 0px 2px 0px;border-color:var( --e-global-color-0688916 );padding:0px 5px 3px 0px;}.elementor-237 .elementor-element.elementor-element-9c96880 .elementor-button:hover, .elementor-237 .elementor-element.elementor-element-9c96880 .elementor-button:focus{color:var( --e-global-color-accent );border-color:var( --e-global-color-accent );}.elementor-237 .elementor-element.elementor-element-9c96880 .elementor-button:hover svg, .elementor-237 .elementor-element.elementor-element-9c96880 .elementor-button:focus svg{fill:var( --e-global-color-accent );}.elementor-237 .elementor-element.elementor-element-9c96880 > .elementor-widget-container{margin:0px 0px -5px 0px;}.elementor-237 .elementor-element.elementor-element-9c96880.elementor-element{--align-self:flex-end;}@media(min-width:768px){.elementor-237 .elementor-element.elementor-element-8bd10a2{--width:70%;}}@media(max-width:1366px){.elementor-widget-button .elementor-button{font-size:var( --e-global-typography-accent-font-size );}.elementor-237 .elementor-element.elementor-element-9c96880 .elementor-button{font-size:var( --e-global-typography-accent-font-size );}.elementor-237 .elementor-element.elementor-element-9c96880{width:var( --container-widget-width, 280px );max-width:280px;--container-widget-width:280px;--container-widget-flex-grow:0;}.elementor-237 .elementor-element.elementor-element-9c96880.elementor-element{--align-self:center;}}@media(max-width:1024px){.elementor-widget-button .elementor-button{font-size:var( --e-global-typography-accent-font-size );}.elementor-237 .elementor-element.elementor-element-9c96880 .elementor-button{font-size:var( --e-global-typography-accent-font-size );}.elementor-237 .elementor-element.elementor-element-9c96880{--container-widget-width:380px;--container-widget-flex-grow:0;width:var( --container-widget-width, 380px );max-width:380px;}}@media(max-width:767px){.elementor-237 .elementor-element.elementor-element-df953bf{--width:100%;--flex-direction:column;--container-widget-width:calc( ( 1 - var( --container-widget-flex-grow ) ) * 100% );--container-widget-height:initial;--container-widget-flex-grow:0;--container-widget-align-self:initial;--flex-wrap-mobile:wrap;--justify-content:flex-start;--align-items:center;--gap:5px 5px;--row-gap:5px;--column-gap:5px;--padding-top:15px;--padding-bottom:10px;--padding-left:5px;--padding-right:5px;}.elementor-237 .elementor-element.elementor-element-ea173aa{width:var( --container-widget-width, 85vw );max-width:85vw;--container-widget-width:85vw;--container-widget-flex-grow:0;}.elementor-237 .elementor-element.elementor-element-ea173aa.elementor-element{--align-self:flex-start;}.elementor-237 .elementor-element.elementor-element-cbda0c7{width:var( --container-widget-width, 85vw );max-width:85vw;--container-widget-width:85vw;--container-widget-flex-grow:0;}.elementor-237 .elementor-element.elementor-element-cbda0c7.elementor-element{--align-self:flex-start;}.elementor-widget-button .elementor-button{font-size:var( --e-global-typography-accent-font-size );}.elementor-237 .elementor-element.elementor-element-9c96880 .elementor-button{font-size:var( --e-global-typography-accent-font-size );}.elementor-237 .elementor-element.elementor-element-9c96880 > .elementor-widget-container{margin:0px 0px -5px -3px;}.elementor-237 .elementor-element.elementor-element-9c96880.elementor-element{--align-self:flex-start;}}\/* Start custom CSS for button, class: .elementor-element-9c96880 *\/.elementor-237 .elementor-element.elementor-element-9c96880 .elementor-button .elementor-button-icon {\r\n  transition: transform 0.3s ease-in-out;\r\n}\r\n\r\n.elementor-237 .elementor-element.elementor-element-9c96880 .elementor-button:hover .elementor-button-icon {\r\n  transform: translateY(3px);\r\n}\r\n\r\n.elementor-237 .elementor-element.elementor-element-9c96880 .elementor-button:not(:hover) .elementor-button-icon {\r\n  transform: translateY(0px);\r\n}\/* End custom CSS *\/<\/style>\t\t<div data-elementor-type=\"loop-item\" data-elementor-id=\"237\" class=\"elementor elementor-237 e-loop-item e-loop-item-586 post-586 transparencia type-transparencia status-publish hentry\" data-elementor-post-type=\"elementor_library\" data-custom-edit-handle=\"1\">\n\t\t\t<div class=\"elementor-element elementor-element-df953bf e-con-full e-flex e-con e-parent\" data-id=\"df953bf\" data-element_type=\"container\" data-e-type=\"container\">\n\t\t<div class=\"elementor-element elementor-element-8bd10a2 e-con-full e-flex e-con e-child\" data-id=\"8bd10a2\" data-element_type=\"container\" data-e-type=\"container\">\n\t\t\t\t<div class=\"elementor-element elementor-element-ea173aa elementor-widget-mobile__width-initial elementor-widget elementor-widget-heading\" data-id=\"ea173aa\" data-element_type=\"widget\" data-e-type=\"widget\" data-widget_type=\"heading.default\">\n\t\t\t\t<div class=\"elementor-widget-container\">\n\t\t\t\t\t<h2 class=\"elementor-heading-title elementor-size-default\">30\/04\/2025<\/h2>\t\t\t\t<\/div>\n\t\t\t\t<\/div>\n\t\t\t\t<div class=\"elementor-element elementor-element-cbda0c7 elementor-widget-mobile__width-initial elementor-widget elementor-widget-theme-post-title elementor-page-title elementor-widget-heading\" data-id=\"cbda0c7\" data-element_type=\"widget\" data-e-type=\"widget\" data-widget_type=\"theme-post-title.default\">\n\t\t\t\t<div class=\"elementor-widget-container\">\n\t\t\t\t\t<h3 class=\"elementor-heading-title elementor-size-default\">Relat\u00f3rio de Atividades 2024 (ingl\u00eas)<\/h3>\t\t\t\t<\/div>\n\t\t\t\t<\/div>\n\t\t\t\t<\/div>\n\t\t\t\t<div class=\"elementor-element elementor-element-9c96880 elementor-laptop-align-right elementor-widget-laptop__width-initial elementor-mobile-align-left elementor-invisible elementor-widget elementor-widget-button\" data-id=\"9c96880\" data-element_type=\"widget\" data-e-type=\"widget\" data-settings=\"{&quot;_animation&quot;:&quot;fadeIn&quot;}\" data-widget_type=\"button.default\">\n\t\t\t\t<div class=\"elementor-widget-container\">\n\t\t\t\t\t\t\t\t\t<div class=\"elementor-button-wrapper\">\n\t\t\t\t\t<a class=\"elementor-button elementor-button-link elementor-size-sm\" href=\"https:\/\/institutodomphillips.org.br\/wp-content\/uploads\/2025\/10\/FINAL_Relatorio-Atividades-2024_ingles.pdf\" target=\"_blank\">\n\t\t\t\t\t\t<span class=\"elementor-button-content-wrapper\">\n\t\t\t\t\t\t<span class=\"elementor-button-icon\">\n\t\t\t\t<svg aria-hidden=\"true\" class=\"e-font-icon-svg e-fas-arrow-down\" viewBox=\"0 0 448 512\" xmlns=\"http:\/\/www.w3.org\/2000\/svg\"><path d=\"M413.1 222.5l22.2 22.2c9.4 9.4 9.4 24.6 0 33.9L241 473c-9.4 9.4-24.6 9.4-33.9 0L12.7 278.6c-9.4-9.4-9.4-24.6 0-33.9l22.2-22.2c9.5-9.5 25-9.3 34.3.4L184 343.4V56c0-13.3 10.7-24 24-24h32c13.3 0 24 10.7 24 24v287.4l114.8-120.5c9.3-9.8 24.8-10 34.3-.4z\"><\/path><\/svg>\t\t\t<\/span>\n\t\t\t\t\t\t\t\t\t<span class=\"elementor-button-text\">Acesse o documento<\/span>\n\t\t\t\t\t<\/span>\n\t\t\t\t\t<\/a>\n\t\t\t\t<\/div>\n\t\t\t\t\t\t\t\t<\/div>\n\t\t\t\t<\/div>\n\t\t\t\t<\/div>\n\t\t\t\t<\/div>\n\t\t\t\t<div data-elementor-type=\"loop-item\" data-elementor-id=\"237\" class=\"elementor elementor-237 e-loop-item e-loop-item-229 post-229 transparencia type-transparencia status-publish hentry\" data-elementor-post-type=\"elementor_library\" data-custom-edit-handle=\"1\">\n\t\t\t<div class=\"elementor-element elementor-element-df953bf e-con-full e-flex e-con e-parent\" data-id=\"df953bf\" data-element_type=\"container\" data-e-type=\"container\">\n\t\t<div class=\"elementor-element elementor-element-8bd10a2 e-con-full e-flex e-con e-child\" data-id=\"8bd10a2\" data-element_type=\"container\" data-e-type=\"container\">\n\t\t\t\t<div class=\"elementor-element elementor-element-ea173aa elementor-widget-mobile__width-initial elementor-widget elementor-widget-heading\" data-id=\"ea173aa\" data-element_type=\"widget\" data-e-type=\"widget\" data-widget_type=\"heading.default\">\n\t\t\t\t<div class=\"elementor-widget-container\">\n\t\t\t\t\t<h2 class=\"elementor-heading-title elementor-size-default\">30\/04\/2025<\/h2>\t\t\t\t<\/div>\n\t\t\t\t<\/div>\n\t\t\t\t<div class=\"elementor-element elementor-element-cbda0c7 elementor-widget-mobile__width-initial elementor-widget elementor-widget-theme-post-title elementor-page-title elementor-widget-heading\" data-id=\"cbda0c7\" data-element_type=\"widget\" data-e-type=\"widget\" data-widget_type=\"theme-post-title.default\">\n\t\t\t\t<div class=\"elementor-widget-container\">\n\t\t\t\t\t<h3 class=\"elementor-heading-title elementor-size-default\">Relat\u00f3rio de Atividades 2024 (portugu\u00eas)<\/h3>\t\t\t\t<\/div>\n\t\t\t\t<\/div>\n\t\t\t\t<\/div>\n\t\t\t\t<div class=\"elementor-element elementor-element-9c96880 elementor-laptop-align-right elementor-widget-laptop__width-initial elementor-mobile-align-left elementor-invisible elementor-widget elementor-widget-button\" data-id=\"9c96880\" data-element_type=\"widget\" data-e-type=\"widget\" data-settings=\"{&quot;_animation&quot;:&quot;fadeIn&quot;}\" data-widget_type=\"button.default\">\n\t\t\t\t<div class=\"elementor-widget-container\">\n\t\t\t\t\t\t\t\t\t<div class=\"elementor-button-wrapper\">\n\t\t\t\t\t<a class=\"elementor-button elementor-button-link elementor-size-sm\" href=\"https:\/\/institutodomphillips.org.br\/wp-content\/uploads\/2024\/04\/FINAL_Relatorio-Atividades-2024_port.pdf\" target=\"_blank\">\n\t\t\t\t\t\t<span class=\"elementor-button-content-wrapper\">\n\t\t\t\t\t\t<span class=\"elementor-button-icon\">\n\t\t\t\t<svg aria-hidden=\"true\" class=\"e-font-icon-svg e-fas-arrow-down\" viewBox=\"0 0 448 512\" xmlns=\"http:\/\/www.w3.org\/2000\/svg\"><path d=\"M413.1 222.5l22.2 22.2c9.4 9.4 9.4 24.6 0 33.9L241 473c-9.4 9.4-24.6 9.4-33.9 0L12.7 278.6c-9.4-9.4-9.4-24.6 0-33.9l22.2-22.2c9.5-9.5 25-9.3 34.3.4L184 343.4V56c0-13.3 10.7-24 24-24h32c13.3 0 24 10.7 24 24v287.4l114.8-120.5c9.3-9.8 24.8-10 34.3-.4z\"><\/path><\/svg>\t\t\t<\/span>\n\t\t\t\t\t\t\t\t\t<span class=\"elementor-button-text\">Acesse o documento<\/span>\n\t\t\t\t\t<\/span>\n\t\t\t\t\t<\/a>\n\t\t\t\t<\/div>\n\t\t\t\t\t\t\t\t<\/div>\n\t\t\t\t<\/div>\n\t\t\t\t<\/div>\n\t\t\t\t<\/div>\n\t\t\t\t<\/div>\n\t\t\n\t\t\t\t\t\t<\/div>\n\t\t\t\t<\/div>\n\t\t\t\t\t<\/div>\n\t\t\t\t<\/div>\n\t\t<div class=\"elementor-element elementor-element-6518a89 e-con-full e-flex e-con e-parent\" data-id=\"6518a89\" data-element_type=\"container\" data-e-type=\"container\">\n\t\t<div class=\"elementor-element elementor-element-e6a1dc0 e-con-full e-flex e-con e-child\" data-id=\"e6a1dc0\" data-element_type=\"container\" data-e-type=\"container\">\n\t\t\t\t<div class=\"elementor-element elementor-element-3d020f7 elementor-invisible elementor-widget elementor-widget-image\" data-id=\"3d020f7\" data-element_type=\"widget\" data-e-type=\"widget\" data-settings=\"{&quot;motion_fx_motion_fx_scrolling&quot;:&quot;yes&quot;,&quot;_animation&quot;:&quot;fadeIn&quot;,&quot;motion_fx_devices&quot;:[&quot;desktop&quot;,&quot;laptop&quot;,&quot;tablet&quot;,&quot;mobile&quot;]}\" data-widget_type=\"image.default\">\n\t\t\t\t<div class=\"elementor-widget-container\">\n\t\t\t\t\t\t\t\t\t\t\t\t\t\t\t<img fetchpriority=\"high\" decoding=\"async\" width=\"800\" height=\"800\" src=\"https:\/\/institutodomphillips.org.br\/wp-content\/uploads\/2024\/03\/idp_asset_zz_linhas_amareloevermelho.svg\" class=\"attachment-large size-large wp-image-30\" alt=\"\" \/>\t\t\t\t\t\t\t\t\t\t\t\t\t\t\t<\/div>\n\t\t\t\t<\/div>\n\t\t\t\t<div class=\"elementor-element elementor-element-3e712dc elementor-invisible elementor-widget elementor-widget-image\" data-id=\"3e712dc\" data-element_type=\"widget\" data-e-type=\"widget\" data-settings=\"{&quot;motion_fx_motion_fx_scrolling&quot;:&quot;yes&quot;,&quot;_animation&quot;:&quot;fadeIn&quot;,&quot;motion_fx_devices&quot;:[&quot;desktop&quot;,&quot;laptop&quot;,&quot;tablet&quot;,&quot;mobile&quot;]}\" data-widget_type=\"image.default\">\n\t\t\t\t<div class=\"elementor-widget-container\">\n\t\t\t\t\t\t\t\t\t\t\t\t<figure class=\"wp-caption\">\n\t\t\t\t\t\t\t\t\t\t<img decoding=\"async\" width=\"800\" height=\"413\" src=\"https:\/\/institutodomphillips.org.br\/wp-content\/uploads\/2024\/05\/Edgar-Kanayko-Xakriaba-1024x529.jpg\" class=\"attachment-large size-large wp-image-272\" alt=\"\" srcset=\"https:\/\/institutodomphillips.org.br\/wp-content\/uploads\/2024\/05\/Edgar-Kanayko-Xakriaba-1024x529.jpg 1024w, https:\/\/institutodomphillips.org.br\/wp-content\/uploads\/2024\/05\/Edgar-Kanayko-Xakriaba-300x155.jpg 300w, https:\/\/institutodomphillips.org.br\/wp-content\/uploads\/2024\/05\/Edgar-Kanayko-Xakriaba-768x397.jpg 768w, https:\/\/institutodomphillips.org.br\/wp-content\/uploads\/2024\/05\/Edgar-Kanayko-Xakriaba.jpg 1500w\" sizes=\"(max-width: 800px) 100vw, 800px\" \/>\t\t\t\t\t\t\t\t\t\t\t<figcaption class=\"widget-image-caption wp-caption-text\">Foto: \u00a9Edgar-Kanayk\u00f5-Xakriab\u00e1<\/figcaption>\n\t\t\t\t\t\t\t\t\t\t<\/figure>\n\t\t\t\t\t\t\t\t\t<\/div>\n\t\t\t\t<\/div>\n\t\t\t\t<\/div>\n\t\t<div class=\"elementor-element elementor-element-f7f72fe e-con-full e-flex e-con e-child\" data-id=\"f7f72fe\" data-element_type=\"container\" data-e-type=\"container\" data-settings=\"{&quot;background_background&quot;:&quot;classic&quot;}\">\n\t\t<div class=\"elementor-element elementor-element-118fabb e-flex e-con-boxed e-con e-child\" data-id=\"118fabb\" data-element_type=\"container\" data-e-type=\"container\">\n\t\t\t\t\t<div class=\"e-con-inner\">\n\t\t\t\t<div class=\"elementor-element elementor-element-0f505bd elementor-invisible elementor-widget elementor-widget-heading\" data-id=\"0f505bd\" data-element_type=\"widget\" data-e-type=\"widget\" data-settings=\"{&quot;_animation&quot;:&quot;fadeInUp&quot;}\" data-widget_type=\"heading.default\">\n\t\t\t\t<div class=\"elementor-widget-container\">\n\t\t\t\t\t<h2 class=\"elementor-heading-title elementor-size-default\">Contribua para<\/h2>\t\t\t\t<\/div>\n\t\t\t\t<\/div>\n\t\t\t\t<div class=\"elementor-element elementor-element-0675563 elementor-invisible elementor-widget elementor-widget-heading\" data-id=\"0675563\" data-element_type=\"widget\" data-e-type=\"widget\" data-settings=\"{&quot;_animation&quot;:&quot;fadeInUp&quot;}\" data-widget_type=\"heading.default\">\n\t\t\t\t<div class=\"elementor-widget-container\">\n\t\t\t\t\t<h2 class=\"elementor-heading-title elementor-size-default\">ampliar a rede<\/h2>\t\t\t\t<\/div>\n\t\t\t\t<\/div>\n\t\t\t\t<div class=\"elementor-element elementor-element-17b53a3 elementor-invisible elementor-widget elementor-widget-heading\" data-id=\"17b53a3\" data-element_type=\"widget\" data-e-type=\"widget\" data-settings=\"{&quot;_animation&quot;:&quot;fadeInUp&quot;,&quot;_animation_delay&quot;:200}\" data-widget_type=\"heading.default\">\n\t\t\t\t<div class=\"elementor-widget-container\">\n\t\t\t\t\t<h2 class=\"elementor-heading-title elementor-size-default\"> de prote\u00e7\u00e3o<\/h2>\t\t\t\t<\/div>\n\t\t\t\t<\/div>\n\t\t\t\t<div class=\"elementor-element elementor-element-ca8663b elementor-invisible elementor-widget elementor-widget-heading\" data-id=\"ca8663b\" data-element_type=\"widget\" data-e-type=\"widget\" data-settings=\"{&quot;_animation&quot;:&quot;fadeInUp&quot;,&quot;_animation_delay&quot;:400}\" data-widget_type=\"heading.default\">\n\t\t\t\t<div class=\"elementor-widget-container\">\n\t\t\t\t\t<h2 class=\"elementor-heading-title elementor-size-default\">da Amaz\u00f4nia<\/h2>\t\t\t\t<\/div>\n\t\t\t\t<\/div>\n\t\t\t\t<div class=\"elementor-element elementor-element-6dd1076 elementor-view-default elementor-invisible elementor-widget elementor-widget-icon\" data-id=\"6dd1076\" data-element_type=\"widget\" data-e-type=\"widget\" data-settings=\"{&quot;motion_fx_motion_fx_scrolling&quot;:&quot;yes&quot;,&quot;motion_fx_translateX_effect&quot;:&quot;yes&quot;,&quot;motion_fx_translateX_speed&quot;:{&quot;unit&quot;:&quot;px&quot;,&quot;size&quot;:0.3,&quot;sizes&quot;:[]},&quot;_animation&quot;:&quot;fadeIn&quot;,&quot;motion_fx_translateX_affectedRange&quot;:{&quot;unit&quot;:&quot;%&quot;,&quot;size&quot;:&quot;&quot;,&quot;sizes&quot;:{&quot;start&quot;:0,&quot;end&quot;:100}},&quot;motion_fx_devices&quot;:[&quot;desktop&quot;,&quot;laptop&quot;,&quot;tablet&quot;,&quot;mobile&quot;]}\" data-widget_type=\"icon.default\">\n\t\t\t\t<div class=\"elementor-widget-container\">\n\t\t\t\t\t\t\t<div class=\"elementor-icon-wrapper\">\n\t\t\t<div class=\"elementor-icon\">\n\t\t\t<svg xmlns=\"http:\/\/www.w3.org\/2000\/svg\" id=\"Layer_2\" data-name=\"Layer 2\" viewBox=\"0 0 506.81 45.27\"><defs><style>      .cls-1 {        stroke-width: 0px;      }    <\/style><\/defs><g id=\"Layer_1-2\" data-name=\"Layer 1\"><g><polygon class=\"cls-1\" points=\"379.85 24.38 316.63 3.48 253.41 24.38 190.18 3.48 126.96 24.38 63.74 3.48 1.04 24.21 0 21.07 63.74 0 126.96 20.9 190.18 0 253.41 20.9 316.63 0 379.85 20.9 443.07 0 506.81 21.07 505.77 24.21 443.07 3.48 379.85 24.38\"><\/polygon><polygon class=\"cls-1\" points=\"379.85 31.38 316.63 10.48 253.41 31.38 190.18 10.48 126.96 31.38 63.74 10.48 1.04 31.21 0 28.07 63.74 7 126.96 27.9 190.18 7 253.41 27.9 316.63 7 379.85 27.9 443.07 7 506.81 28.07 505.77 31.21 443.07 10.48 379.85 31.38\"><\/polygon><polygon class=\"cls-1\" points=\"379.85 38.38 316.63 17.49 253.41 38.38 190.18 17.49 126.96 38.38 63.74 17.49 1.04 38.21 0 35.07 63.74 14.01 126.96 34.9 190.18 14.01 253.41 34.9 316.63 14.01 379.85 34.9 443.07 14.01 506.81 35.07 505.77 38.21 443.07 17.49 379.85 38.38\"><\/polygon><polygon class=\"cls-1\" points=\"379.85 45.27 316.63 24.38 253.41 45.27 190.18 24.38 126.96 45.27 63.74 24.38 1.04 45.1 0 41.96 63.74 20.89 126.96 41.79 190.18 20.89 253.41 41.79 316.63 20.89 379.85 41.79 443.07 20.89 506.81 41.96 505.77 45.1 443.07 24.38 379.85 45.27\"><\/polygon><\/g><\/g><\/svg>\t\t\t<\/div>\n\t\t<\/div>\n\t\t\t\t\t\t<\/div>\n\t\t\t\t<\/div>\n\t\t\t\t<div class=\"elementor-element elementor-element-1951397 elementor-mobile-align-center elementor-tablet-align-center elementor-invisible elementor-widget elementor-widget-button\" data-id=\"1951397\" data-element_type=\"widget\" data-e-type=\"widget\" data-settings=\"{&quot;_animation&quot;:&quot;fadeIn&quot;}\" data-widget_type=\"button.default\">\n\t\t\t\t<div class=\"elementor-widget-container\">\n\t\t\t\t\t\t\t\t\t<div class=\"elementor-button-wrapper\">\n\t\t\t\t\t<a class=\"elementor-button elementor-button-link elementor-size-sm\" href=\"https:\/\/doar.institutodomphillips.org.br\/\" target=\"_blank\">\n\t\t\t\t\t\t<span class=\"elementor-button-content-wrapper\">\n\t\t\t\t\t\t<span class=\"elementor-button-icon\">\n\t\t\t\t<svg aria-hidden=\"true\" class=\"e-font-icon-svg e-fas-arrow-right\" viewBox=\"0 0 448 512\" xmlns=\"http:\/\/www.w3.org\/2000\/svg\"><path d=\"M190.5 66.9l22.2-22.2c9.4-9.4 24.6-9.4 33.9 0L441 239c9.4 9.4 9.4 24.6 0 33.9L246.6 467.3c-9.4 9.4-24.6 9.4-33.9 0l-22.2-22.2c-9.5-9.5-9.3-25 .4-34.3L311.4 296H24c-13.3 0-24-10.7-24-24v-32c0-13.3 10.7-24 24-24h287.4L190.9 101.2c-9.8-9.3-10-24.8-.4-34.3z\"><\/path><\/svg>\t\t\t<\/span>\n\t\t\t\t\t\t\t\t\t<span class=\"elementor-button-text\">Fa\u00e7a a diferen\u00e7a a partir de R$ 25<\/span>\n\t\t\t\t\t<\/span>\n\t\t\t\t\t<\/a>\n\t\t\t\t<\/div>\n\t\t\t\t\t\t\t\t<\/div>\n\t\t\t\t<\/div>\n\t\t\t\t\t<\/div>\n\t\t\t\t<\/div>\n\t\t\t\t<\/div>\n\t\t\t\t<\/div>\n\t\t\t\t<\/div>\n\t\t","protected":false},"excerpt":{"rendered":"<p>Transpar\u00eancia Transpar\u00eancia Foto: \u00a9Edgar-Kanayk\u00f5-Xakriab\u00e1 Contribua para ampliar a rede de prote\u00e7\u00e3o da Amaz\u00f4nia Fa\u00e7a a diferen\u00e7a a partir de R$ 25<\/p>","protected":false},"author":2,"featured_media":0,"parent":0,"menu_order":0,"comment_status":"closed","ping_status":"closed","template":"","meta":{"_acf_changed":false,"inline_featured_image":false,"footnotes":""},"class_list":["post-46","page","type-page","status-publish","hentry"],"acf":[],"_links":{"self":[{"href":"https:\/\/institutodomphillips.org.br\/en\/wp-json\/wp\/v2\/pages\/46","targetHints":{"allow":["GET"]}}],"collection":[{"href":"https:\/\/institutodomphillips.org.br\/en\/wp-json\/wp\/v2\/pages"}],"about":[{"href":"https:\/\/institutodomphillips.org.br\/en\/wp-json\/wp\/v2\/types\/page"}],"author":[{"embeddable":true,"href":"https:\/\/institutodomphillips.org.br\/en\/wp-json\/wp\/v2\/users\/2"}],"replies":[{"embeddable":true,"href":"https:\/\/institutodomphillips.org.br\/en\/wp-json\/wp\/v2\/comments?post=46"}],"version-history":[{"count":0,"href":"https:\/\/institutodomphillips.org.br\/en\/wp-json\/wp\/v2\/pages\/46\/revisions"}],"wp:attachment":[{"href":"https:\/\/institutodomphillips.org.br\/en\/wp-json\/wp\/v2\/media?parent=46"}],"curies":[{"name":"wp","href":"https:\/\/api.w.org\/{rel}","templated":true}]}}